{"id":2145,"date":"2020-04-23T17:17:07","date_gmt":"2020-04-23T15:17:07","guid":{"rendered":"https:\/\/www.cinef-bj.com\/formations\/?page_id=2145"},"modified":"2020-04-23T17:30:13","modified_gmt":"2020-04-23T15:30:13","slug":"demarche-qualite-cinef","status":"publish","type":"page","link":"https:\/\/www.cinef-bj.com\/formations\/demarche-qualite-cinef\/","title":{"rendered":"DEMARCHE QUALITE CINEF \u00ae"},"content":{"rendered":"\t\t<div data-elementor-type=\"wp-page\" data-elementor-id=\"2145\" class=\"elementor elementor-2145\">\n\t\t\t\t\t\t\t\t\t<section class=\"elementor-section elementor-top-section elementor-element elementor-element-e098754 elementor-section-boxed elementor-section-height-default elementor-section-height-default\" data-id=\"e098754\" data-element_type=\"section\" data-settings=\"{&quot;_ha_eqh_enable&quot;:false}\">\n\t\t\t\t\t\t<div class=\"elementor-container elementor-column-gap-default\">\n\t\t\t\t\t<div class=\"elementor-column elementor-col-100 elementor-top-column elementor-element elementor-element-4cd8d23\" data-id=\"4cd8d23\" data-element_type=\"column\">\n\t\t\t<div class=\"elementor-widget-wrap elementor-element-populated\">\n\t\t\t\t\t\t\t\t<div class=\"elementor-element elementor-element-ea0cda8 elementor-widget elementor-widget-heading\" data-id=\"ea0cda8\" data-element_type=\"widget\" data-widget_type=\"heading.default\">\n\t\t\t\t<div class=\"elementor-widget-container\">\n\t\t\t<style>\/*! elementor - v3.11.0 - 13-02-2023 *\/\n.elementor-heading-title{padding:0;margin:0;line-height:1}.elementor-widget-heading .elementor-heading-title[class*=elementor-size-]>a{color:inherit;font-size:inherit;line-height:inherit}.elementor-widget-heading .elementor-heading-title.elementor-size-small{font-size:15px}.elementor-widget-heading .elementor-heading-title.elementor-size-medium{font-size:19px}.elementor-widget-heading .elementor-heading-title.elementor-size-large{font-size:29px}.elementor-widget-heading .elementor-heading-title.elementor-size-xl{font-size:39px}.elementor-widget-heading .elementor-heading-title.elementor-size-xxl{font-size:59px}<\/style><h2 class=\"elementor-heading-title elementor-size-default\">DEMARCHE QUALITE CINEF \u00ae<\/h2>\t\t<\/div>\n\t\t\t\t<\/div>\n\t\t\t\t<div class=\"elementor-element elementor-element-803f684 elementor-widget elementor-widget-heading\" data-id=\"803f684\" data-element_type=\"widget\" data-widget_type=\"heading.default\">\n\t\t\t\t<div class=\"elementor-widget-container\">\n\t\t\t<span class=\"elementor-heading-title elementor-size-default\">Notre approche m\u00e9thodologique se d\u00e9cline en un processus de trois \u00e9tapes :<\/span>\t\t<\/div>\n\t\t\t\t<\/div>\n\t\t\t\t<section class=\"elementor-section elementor-inner-section elementor-element elementor-element-bb7730d elementor-section-boxed elementor-section-height-default elementor-section-height-default\" data-id=\"bb7730d\" data-element_type=\"section\" data-settings=\"{&quot;_ha_eqh_enable&quot;:false}\">\n\t\t\t\t\t\t<div class=\"elementor-container elementor-column-gap-default\">\n\t\t\t\t\t<div class=\"elementor-column elementor-col-50 elementor-inner-column elementor-element elementor-element-410fd98\" data-id=\"410fd98\" data-element_type=\"column\" data-settings=\"{&quot;background_background&quot;:&quot;classic&quot;}\">\n\t\t\t<div class=\"elementor-widget-wrap elementor-element-populated\">\n\t\t\t\t\t\t\t\t<div class=\"elementor-element elementor-element-3db1c4a elementor-widget elementor-widget-heading\" data-id=\"3db1c4a\" data-element_type=\"widget\" data-widget_type=\"heading.default\">\n\t\t\t\t<div class=\"elementor-widget-container\">\n\t\t\t<span class=\"elementor-heading-title elementor-size-default\">ETAPE 1 : PREPARATION<\/span>\t\t<\/div>\n\t\t\t\t<\/div>\n\t\t\t\t\t<\/div>\n\t\t<\/div>\n\t\t\t\t<div class=\"elementor-column elementor-col-50 elementor-inner-column elementor-element elementor-element-a071e8b\" data-id=\"a071e8b\" data-element_type=\"column\">\n\t\t\t<div class=\"elementor-widget-wrap\">\n\t\t\t\t\t\t\t\t\t<\/div>\n\t\t<\/div>\n\t\t\t\t\t\t\t<\/div>\n\t\t<\/section>\n\t\t\t\t<div class=\"elementor-element elementor-element-7560bb8 elementor-widget elementor-widget-text-editor\" data-id=\"7560bb8\" data-element_type=\"widget\" data-widget_type=\"text-editor.default\">\n\t\t\t\t<div class=\"elementor-widget-container\">\n\t\t\t<style>\/*! elementor - v3.11.0 - 13-02-2023 *\/\n.elementor-widget-text-editor.elementor-drop-cap-view-stacked .elementor-drop-cap{background-color:#818a91;color:#fff}.elementor-widget-text-editor.elementor-drop-cap-view-framed .elementor-drop-cap{color:#818a91;border:3px solid;background-color:transparent}.elementor-widget-text-editor:not(.elementor-drop-cap-view-default) .elementor-drop-cap{margin-top:8px}.elementor-widget-text-editor:not(.elementor-drop-cap-view-default) .elementor-drop-cap-letter{width:1em;height:1em}.elementor-widget-text-editor .elementor-drop-cap{float:left;text-align:center;line-height:1;font-size:50px}.elementor-widget-text-editor .elementor-drop-cap-letter{display:inline-block}<\/style>\t\t\t\tDans les 48h suivant votre inscription, chaque participant re\u00e7oit un <strong>e-mail de confirmation<\/strong>\n<strong>d\u2019inscription<\/strong> contenant un questionnaire en ligne qui permet au formateur de mieux le conna\u00eetre,\ncomprendre ses objectifs, anticiper ses besoins et proposer des cas pratiques adapt\u00e9s.<br\/><br\/>Au moins 03 jours avant la formation, chaque participant re\u00e7oit :<br\/>\n<li>une convocation de stage avec toutes les informations pratiques : dates, lieu, horaires,\ns\u00e9lection d\u2019h\u00f4tels proches \u00e0 tarif n\u00e9goci\u00e9 ;<li>\nle rappel du programme du ou des stages s\u00e9lectionn\u00e9(s).<\/li>\n<br\/>\u00c0 tout moment, pour pr\u00e9parer au mieux votre venue, vous pouvez contacter notre service relation\nclients par e-mail \u00e0 l\u2019adresse info@cinef-bj.com ou par t\u00e9l\u00e9phone : +229 63 18 60 60\t\t\t\t\t\t<\/div>\n\t\t\t\t<\/div>\n\t\t\t\t\t<\/div>\n\t\t<\/div>\n\t\t\t\t\t\t\t<\/div>\n\t\t<\/section>\n\t\t\t\t<section class=\"elementor-section elementor-top-section elementor-element elementor-element-55a8374 elementor-section-boxed elementor-section-height-default elementor-section-height-default\" data-id=\"55a8374\" data-element_type=\"section\" data-settings=\"{&quot;_ha_eqh_enable&quot;:false}\">\n\t\t\t\t\t\t<div class=\"elementor-container elementor-column-gap-default\">\n\t\t\t\t\t<div class=\"elementor-column elementor-col-100 elementor-top-column elementor-element elementor-element-820d122\" data-id=\"820d122\" data-element_type=\"column\">\n\t\t\t<div class=\"elementor-widget-wrap elementor-element-populated\">\n\t\t\t\t\t\t\t\t<section class=\"elementor-section elementor-inner-section elementor-element elementor-element-3f7c67e elementor-section-boxed elementor-section-height-default elementor-section-height-default\" data-id=\"3f7c67e\" data-element_type=\"section\" data-settings=\"{&quot;_ha_eqh_enable&quot;:false}\">\n\t\t\t\t\t\t<div class=\"elementor-container elementor-column-gap-default\">\n\t\t\t\t\t<div class=\"elementor-column elementor-col-50 elementor-inner-column elementor-element elementor-element-f5449b1\" data-id=\"f5449b1\" data-element_type=\"column\" data-settings=\"{&quot;background_background&quot;:&quot;classic&quot;}\">\n\t\t\t<div class=\"elementor-widget-wrap elementor-element-populated\">\n\t\t\t\t\t\t\t\t<div class=\"elementor-element elementor-element-e6b9b65 elementor-widget elementor-widget-heading\" data-id=\"e6b9b65\" data-element_type=\"widget\" data-widget_type=\"heading.default\">\n\t\t\t\t<div class=\"elementor-widget-container\">\n\t\t\t<span class=\"elementor-heading-title elementor-size-default\">ETAPE 2 : DEROULEMENT DU SEMINAIRE<\/span>\t\t<\/div>\n\t\t\t\t<\/div>\n\t\t\t\t\t<\/div>\n\t\t<\/div>\n\t\t\t\t<div class=\"elementor-column elementor-col-50 elementor-inner-column elementor-element elementor-element-53d28a8\" data-id=\"53d28a8\" data-element_type=\"column\">\n\t\t\t<div class=\"elementor-widget-wrap\">\n\t\t\t\t\t\t\t\t\t<\/div>\n\t\t<\/div>\n\t\t\t\t\t\t\t<\/div>\n\t\t<\/section>\n\t\t\t\t<div class=\"elementor-element elementor-element-e61668a elementor-widget elementor-widget-text-editor\" data-id=\"e61668a\" data-element_type=\"widget\" data-widget_type=\"text-editor.default\">\n\t\t\t\t<div class=\"elementor-widget-container\">\n\t\t\t\t\t\t\tLorsque le s\u00e9minaire se d\u00e9roule dans notre centre de formation ou dans des locaux que nous mettons\n\u00e0 disposition, nous vous y accueillons \u00e0 partir de 8h00. Les formations d\u00e9butent g\u00e9n\u00e9ralement \u00e0 9h00\nle premier jour et \u00e0 8h30 les jours suivants. Elles se terminent \u00e0 14h30 ou 15h.<br><br>\nD\u00e8s votre arriv\u00e9e, une h\u00f4tesse vous accueille, pour enregistrer votre arriv\u00e9e (les jours suivants, vous\nsignerez votre feuille de pr\u00e9sence directement en salle) et vous guider jusqu\u2019\u00e0 votre salle en veillant \u00e0\nce que vous soyez inform\u00e9 du bon d\u00e9roulement de votre journ\u00e9e. Le ou les formateurs vous\naccueilleront en salle et vous accompagneront tout au long du s\u00e9minaire. Ils r\u00e9pondront \u00e0 toutes vos\nquestions et vous donneront les supports p\u00e9dagogiques n\u00e9cessaires \u00e0 la formation.<br><br>\n\n<span style=\"color: #008a3e;\"><em>Les temps de pause<\/em><\/span><br><br>\nLors de vos pauses vous pourrez profiter pour acc\u00e9der \u00e0 Internet et consulter vos mails. L\u2019acc\u00e8s gratuit\nau Wifi 1 vous permet de continuer vos activit\u00e9s professionnelles en marge de la formation. Caf\u00e9, th\u00e9\net gourmandises vous sont offerts pendant les pauses.\nTout au long de la journ\u00e9e, nos h\u00f4tesses d\u2019accueil sont \u00e0 votre disposition pour r\u00e9pondre \u00e0 vos\nquestions et vos besoins.<br><br>\n<em><span style=\"color: #008a3e;\">Le d\u00e9jeuner<\/span><\/em><br><br>\nSauf demande particuli\u00e8re de votre entreprise, le d\u00e9jeuner est inclus dans le prix de la formation. Il est\npris avec l\u2019ensemble du groupe des participants, dans un restaurant s\u00e9lectionn\u00e9 et choisi avec soin par\nCINEF, au lieu de formation ou \u00e0 proximit\u00e9 imm\u00e9diate. Il est l\u2019occasion d\u2019\u00e9changer et de partager entre\nparticipants et formateurs dans une ambiance conviviale.\t\t\t\t\t\t<\/div>\n\t\t\t\t<\/div>\n\t\t\t\t\t<\/div>\n\t\t<\/div>\n\t\t\t\t\t\t\t<\/div>\n\t\t<\/section>\n\t\t\t\t<section class=\"elementor-section elementor-top-section elementor-element elementor-element-20ca435 elementor-section-boxed elementor-section-height-default elementor-section-height-default\" data-id=\"20ca435\" data-element_type=\"section\" data-settings=\"{&quot;_ha_eqh_enable&quot;:false}\">\n\t\t\t\t\t\t<div class=\"elementor-container elementor-column-gap-default\">\n\t\t\t\t\t<div class=\"elementor-column elementor-col-100 elementor-top-column elementor-element elementor-element-9ad213a\" data-id=\"9ad213a\" data-element_type=\"column\">\n\t\t\t<div class=\"elementor-widget-wrap elementor-element-populated\">\n\t\t\t\t\t\t\t\t<section class=\"elementor-section elementor-inner-section elementor-element elementor-element-6555fc7 elementor-section-boxed elementor-section-height-default elementor-section-height-default\" data-id=\"6555fc7\" data-element_type=\"section\" data-settings=\"{&quot;_ha_eqh_enable&quot;:false}\">\n\t\t\t\t\t\t<div class=\"elementor-container elementor-column-gap-default\">\n\t\t\t\t\t<div class=\"elementor-column elementor-col-50 elementor-inner-column elementor-element elementor-element-036fecc\" data-id=\"036fecc\" data-element_type=\"column\" data-settings=\"{&quot;background_background&quot;:&quot;classic&quot;}\">\n\t\t\t<div class=\"elementor-widget-wrap elementor-element-populated\">\n\t\t\t\t\t\t\t\t<div class=\"elementor-element elementor-element-3df302b elementor-widget elementor-widget-heading\" data-id=\"3df302b\" data-element_type=\"widget\" data-widget_type=\"heading.default\">\n\t\t\t\t<div class=\"elementor-widget-container\">\n\t\t\t<span class=\"elementor-heading-title elementor-size-default\">ETAPE 3 : LE SUIVI POST-FORMATION<\/span>\t\t<\/div>\n\t\t\t\t<\/div>\n\t\t\t\t\t<\/div>\n\t\t<\/div>\n\t\t\t\t<div class=\"elementor-column elementor-col-50 elementor-inner-column elementor-element elementor-element-8082277\" data-id=\"8082277\" data-element_type=\"column\">\n\t\t\t<div class=\"elementor-widget-wrap\">\n\t\t\t\t\t\t\t\t\t<\/div>\n\t\t<\/div>\n\t\t\t\t\t\t\t<\/div>\n\t\t<\/section>\n\t\t\t\t<div class=\"elementor-element elementor-element-ad151c2 elementor-widget elementor-widget-text-editor\" data-id=\"ad151c2\" data-element_type=\"widget\" data-widget_type=\"text-editor.default\">\n\t\t\t\t<div class=\"elementor-widget-container\">\n\t\t\t\t\t\t\tEn fin de formation, nous vous d\u00e9livrons votre attestation de formation directement ou \u00e0 votre\nentreprise.<br\/><br\/>\nAfin de recueillir votre avis sur la formation et mesurer votre satisfaction, nous vous proposons de\nr\u00e9pondre \u00e0 un questionnaire d\u2019\u00e9valuation sur place (questionnaire \u00ab \u00e0 chaud \u00bb).<br\/><br\/>\nChaque stagiaire re\u00e7oit par la suite un questionnaire \u00ab \u00e0 froid \u00bb 3 mois apr\u00e8s le stage : pour appr\u00e9cier\navec du recul l\u2019application des acquis de la formation dans son quotidien professionnel.\t\t\t\t\t\t<\/div>\n\t\t\t\t<\/div>\n\t\t\t\t\t<\/div>\n\t\t<\/div>\n\t\t\t\t\t\t\t<\/div>\n\t\t<\/section>\n\t\t\t\t<section class=\"elementor-section elementor-top-section elementor-element elementor-element-7aa1a51 elementor-section-boxed elementor-section-height-default elementor-section-height-default\" data-id=\"7aa1a51\" data-element_type=\"section\" data-settings=\"{&quot;_ha_eqh_enable&quot;:false}\">\n\t\t\t\t\t\t<div class=\"elementor-container elementor-column-gap-default\">\n\t\t\t\t\t<div class=\"elementor-column elementor-col-100 elementor-top-column elementor-element elementor-element-e8345c9\" data-id=\"e8345c9\" data-element_type=\"column\">\n\t\t\t<div class=\"elementor-widget-wrap elementor-element-populated\">\n\t\t\t\t\t\t\t\t<div class=\"elementor-element elementor-element-073ac72 elementor-align-center elementor-widget elementor-widget-button\" data-id=\"073ac72\" data-element_type=\"widget\" data-widget_type=\"button.default\">\n\t\t\t\t<div class=\"elementor-widget-container\">\n\t\t\t\t\t<div class=\"elementor-button-wrapper\">\n\t\t\t<a href=\"https:\/\/www.cinef-bj.com\/formations\/demander-un-devis\/\" class=\"elementor-button-link elementor-button elementor-size-sm\" role=\"button\">\n\t\t\t\t\t\t<span class=\"elementor-button-content-wrapper\">\n\t\t\t\t\t\t<span class=\"elementor-button-text\">Demander une formation<\/span>\n\t\t<\/span>\n\t\t\t\t\t<\/a>\n\t\t<\/div>\n\t\t\t\t<\/div>\n\t\t\t\t<\/div>\n\t\t\t\t\t<\/div>\n\t\t<\/div>\n\t\t\t\t\t\t\t<\/div>\n\t\t<\/section>\n\t\t\t\t\t\t\t<\/div>\n\t\t","protected":false},"excerpt":{"rendered":"<p>DEMARCHE QUALITE CINEF \u00ae Notre approche m\u00e9thodologique se d\u00e9cline en un processus de trois \u00e9tapes : ETAPE 1 : PREPARATION Dans les 48h suivant votre inscription, chaque participant re\u00e7oit un e-mail de confirmation d\u2019inscription contenant un questionnaire en ligne qui permet au formateur de mieux le conna\u00eetre, comprendre ses objectifs, anticiper ses besoins et proposer &hellip;<\/p>\n<p class=\"read-more\"> <a class=\"\" href=\"https:\/\/www.cinef-bj.com\/formations\/demarche-qualite-cinef\/\"> <span class=\"screen-reader-text\">DEMARCHE QUALITE CINEF \u00ae<\/span> Read More &raquo;<\/a><\/p>\n","protected":false},"author":1,"featured_media":0,"parent":0,"menu_order":0,"comment_status":"closed","ping_status":"closed","template":"elementor_header_footer","meta":{"site-sidebar-layout":"default","site-content-layout":"default","ast-global-header-display":"","ast-main-header-display":"","ast-hfb-above-header-display":"","ast-hfb-below-header-display":"","ast-hfb-mobile-header-display":"","site-post-title":"","ast-breadcrumbs-content":"","ast-featured-img":"","footer-sml-layout":"","theme-transparent-header-meta":"","adv-header-id-meta":"","stick-header-meta":"","header-above-stick-meta":"","header-main-stick-meta":"","header-below-stick-meta":""},"_links":{"self":[{"href":"https:\/\/www.cinef-bj.com\/formations\/wp-json\/wp\/v2\/pages\/2145"}],"collection":[{"href":"https:\/\/www.cinef-bj.com\/formations\/wp-json\/wp\/v2\/pages"}],"about":[{"href":"https:\/\/www.cinef-bj.com\/formations\/wp-json\/wp\/v2\/types\/page"}],"author":[{"embeddable":true,"href":"https:\/\/www.cinef-bj.com\/formations\/wp-json\/wp\/v2\/users\/1"}],"replies":[{"embeddable":true,"href":"https:\/\/www.cinef-bj.com\/formations\/wp-json\/wp\/v2\/comments?post=2145"}],"version-history":[{"count":6,"href":"https:\/\/www.cinef-bj.com\/formations\/wp-json\/wp\/v2\/pages\/2145\/revisions"}],"predecessor-version":[{"id":2154,"href":"https:\/\/www.cinef-bj.com\/formations\/wp-json\/wp\/v2\/pages\/2145\/revisions\/2154"}],"wp:attachment":[{"href":"https:\/\/www.cinef-bj.com\/formations\/wp-json\/wp\/v2\/media?parent=2145"}],"curies":[{"name":"wp","href":"https:\/\/api.w.org\/{rel}","templated":true}]}}