{"id":30,"date":"2020-03-23T15:47:32","date_gmt":"2020-03-23T14:47:32","guid":{"rendered":"http:\/\/www.cinef-bj.com\/formations\/?page_id=30"},"modified":"2022-07-20T09:35:29","modified_gmt":"2022-07-20T07:35:29","slug":"demande-de-devis-2","status":"publish","type":"page","link":"https:\/\/www.cinef-bj.com\/formations\/demande-de-devis-2\/","title":{"rendered":"Demander un devis"},"content":{"rendered":"\t\t<div data-elementor-type=\"wp-page\" data-elementor-id=\"30\" class=\"elementor elementor-30\">\n\t\t\t\t\t\t\t\t\t<section class=\"elementor-section elementor-top-section elementor-element elementor-element-4ba050d1 elementor-section-boxed elementor-section-height-default elementor-section-height-default\" data-id=\"4ba050d1\" data-element_type=\"section\" data-settings=\"{&quot;background_background&quot;:&quot;classic&quot;,&quot;_ha_eqh_enable&quot;:false}\">\n\t\t\t\t\t\t<div class=\"elementor-container elementor-column-gap-default\">\n\t\t\t\t\t<div class=\"elementor-column elementor-col-100 elementor-top-column elementor-element elementor-element-5a61efdf\" data-id=\"5a61efdf\" data-element_type=\"column\">\n\t\t\t<div class=\"elementor-widget-wrap elementor-element-populated\">\n\t\t\t\t\t\t\t\t<div class=\"elementor-element elementor-element-438c8073 elementor-widget elementor-widget-heading\" data-id=\"438c8073\" data-element_type=\"widget\" data-widget_type=\"heading.default\">\n\t\t\t\t<div class=\"elementor-widget-container\">\n\t\t\t<style>\/*! elementor - v3.11.0 - 13-02-2023 *\/\n.elementor-heading-title{padding:0;margin:0;line-height:1}.elementor-widget-heading .elementor-heading-title[class*=elementor-size-]>a{color:inherit;font-size:inherit;line-height:inherit}.elementor-widget-heading .elementor-heading-title.elementor-size-small{font-size:15px}.elementor-widget-heading .elementor-heading-title.elementor-size-medium{font-size:19px}.elementor-widget-heading .elementor-heading-title.elementor-size-large{font-size:29px}.elementor-widget-heading .elementor-heading-title.elementor-size-xl{font-size:39px}.elementor-widget-heading .elementor-heading-title.elementor-size-xxl{font-size:59px}<\/style><h3 class=\"elementor-heading-title elementor-size-large\"><a href=\"#devis\">DEMANDE DE DEVIS<\/a><\/h3>\t\t<\/div>\n\t\t\t\t<\/div>\n\t\t\t\t<div class=\"elementor-element elementor-element-6eff03a4 elementor-widget elementor-widget-text-editor\" data-id=\"6eff03a4\" data-element_type=\"widget\" data-widget_type=\"text-editor.default\">\n\t\t\t\t<div class=\"elementor-widget-container\">\n\t\t\t<style>\/*! elementor - v3.11.0 - 13-02-2023 *\/\n.elementor-widget-text-editor.elementor-drop-cap-view-stacked .elementor-drop-cap{background-color:#818a91;color:#fff}.elementor-widget-text-editor.elementor-drop-cap-view-framed .elementor-drop-cap{color:#818a91;border:3px solid;background-color:transparent}.elementor-widget-text-editor:not(.elementor-drop-cap-view-default) .elementor-drop-cap{margin-top:8px}.elementor-widget-text-editor:not(.elementor-drop-cap-view-default) .elementor-drop-cap-letter{width:1em;height:1em}.elementor-widget-text-editor .elementor-drop-cap{float:left;text-align:center;line-height:1;font-size:50px}.elementor-widget-text-editor .elementor-drop-cap-letter{display:inline-block}<\/style>\t\t\t\t<p>Demander un devis revient \u00e0 demander une formation sur mesure ou \u00e0 cr\u00e9er sa formation. Veuillez prendre connaissance de nos <a href=\"https:\/\/www.cinef-bj.com\/formations\/conditions-generales-de-ventes\/\">Conditions G\u00e9n\u00e9rales de Ventes<\/a> et de notre <a href=\"https:\/\/www.cinef-bj.com\/formations\/demarche-qualite-cinef\/\">D\u00e9marche Qualit\u00e9<\/a>.<\/p>\t\t\t\t\t\t<\/div>\n\t\t\t\t<\/div>\n\t\t\t\t\t<\/div>\n\t\t<\/div>\n\t\t\t\t\t\t\t<\/div>\n\t\t<\/section>\n\t\t\t\t<section class=\"elementor-section elementor-top-section elementor-element elementor-element-da48ff4 elementor-section-boxed elementor-section-height-default elementor-section-height-default\" data-id=\"da48ff4\" data-element_type=\"section\" data-settings=\"{&quot;_ha_eqh_enable&quot;:false}\">\n\t\t\t\t\t\t<div class=\"elementor-container elementor-column-gap-default\">\n\t\t\t\t\t<div class=\"elementor-column elementor-col-100 elementor-top-column elementor-element elementor-element-85daf30\" data-id=\"85daf30\" data-element_type=\"column\">\n\t\t\t<div class=\"elementor-widget-wrap elementor-element-populated\">\n\t\t\t\t\t\t\t\t<div class=\"elementor-element elementor-element-e6a1397 elementor-widget elementor-widget-html\" data-id=\"e6a1397\" data-element_type=\"widget\" data-widget_type=\"html.default\">\n\t\t\t\t<div class=\"elementor-widget-container\">\n\t\t\t<link href=\"\/\/maxcdn.bootstrapcdn.com\/bootstrap\/4.1.1\/css\/bootstrap.min.css\" rel=\"stylesheet\" id=\"bootstrap-css\">\r\n<script src=\"\/\/maxcdn.bootstrapcdn.com\/bootstrap\/4.1.1\/js\/bootstrap.min.js\"><\/script>\r\n<script src=\"\/\/cdnjs.cloudflare.com\/ajax\/libs\/jquery\/3.2.1\/jquery.min.js\"><\/script>\r\n<!------ Include the above in your HEAD tag ---------->\r\n\r\n<div class=\"container register\">\r\n                <div class=\"row\">\r\n                    <div class=\"col-md-3 register-left\">\r\n                        <img decoding=\"async\" src=\"https:\/\/image.ibb.co\/n7oTvU\/logo_white.png\" alt=\"\"\/>\r\n                        <h3>Bienvenue<\/h3>\r\n                        <p>Inscrivez-vous \u00e0 la formation de votre choix<\/p>\r\n                        <a href=\"https:\/\/cinef-bj.com\/formations\/nos-domaines\/\"><input type=\"submit\" name=\"\" value=\"catalogue\"\/><\/a><br\/>\r\n                    <\/div>\r\n                    <div class=\"col-md-9 register-right\">\r\n                      <!--   <ul class=\"nav nav-tabs nav-justified\" id=\"myTab\" role=\"tablist\">\r\n                            <li class=\"nav-item\">\r\n                                <a class=\"nav-link active\" id=\"profile-tab\" data-toggle=\"tab\" href=\"profile.html\" role=\"tab\" aria-controls=\"profile\" aria-selected=\"false\"><\/a>\r\n                            <\/li>\r\n                        <\/ul>\r\n                      -->   \r\n<div class=\"tab-pane fade show\" id=\"profile\" role=\"tabpanel\" aria-labelledby=\"profile-tab\">\r\n                        <form enctype=\"multipart\/form-data\" id=\"devis_2\" method=\"post\" action=\"https:\/\/cinef-bj.com\/dropform\/devis_2.php\">\r\n                                <h3  class=\"register-heading\">Choisissez votre th\u00e8me de formation et obtenez le devis correspondant<\/h3>\r\n                                <div class=\"row register-form\">\r\n                                    <div class=\"col-md-6\">        \r\n                                  <div class=\"form-group\">\r\n                                            <input type=\"text\" class=\"form-control\" placeholder=\"Renseignez votre th\u00e8me ici *\" value=\"\" name=\"theme\" id=\"theme\" \/>\r\n                                    <\/div>\r\n                                        <div class=\"form-group\" name=\"mode\" id=\"mode\">\r\n                                            <select class=\"form-control\" style=\"height: 56px; font-size: 14px;\">\r\n                                                <option class=\"\"  selected disabled>Veuillez choisir le mode de formation<\/option>\r\n                                                <option>Pr\u00e9sentiel<\/option>\r\n                                                <option>E-learning<\/option>\r\n                                                <option>Blended learning<\/option>\r\n                                                         <\/select>\r\n                                        <\/div>\r\n                                        <div class=\"form-group\" name=\"lieu\">\r\n            <input type=\"text\" class=\"form-control\" placeholder=\"Lieu pr\u00e9visionnel *\" value=\"\" name=\"lieu\" required \/>\r\n             <\/div>\r\n                                        <div class=\"form-group\" name=\"date\" id=\"date\">\r\n                                            <input type=\"date\" class=\"form-control\" placeholder=\"Date pr\u00e9visionnelle *\" value=\"\" name=\"date\" id=\"date\" required \/>\r\n                                        <\/div>\r\n                                        <div class=\"form-group\" name=\"objectif\">\r\n                                            <textarea class=\"form-control\" id=\"objectif\" name=\"objectif\" rows=\"3\" placeholder=\"Objectifs de la formation\" style=\"font-size: 14px;\" required><\/textarea>          <\/div>\r\n                                        <div class=\"form-group\" name=\"nombre\">\r\n                                            <input type=\"number\" class=\"form-control\"  placeholder=\"Nombre de participant *\" value=\"\" name=\"nombre\" required\/>\r\n                                        <\/div>\r\n                                  <\/div>\r\n                                    <div class=\"col-md-6\">\r\n                                        <div class=\"form-group\" name=\"email\">\r\n                                            <input type=\"email\" class=\"form-control\" placeholder=\"Entrer votre email *\" value=\"\" name=\"email\" \/ required>\r\n                                        <\/div>\r\n                                        <div class=\"form-group\" name=\"telephone\">\r\n                                            <input type=\"text\" minlength=\"10\" maxlength=\"10\" name=\"telephone\" class=\"form-control\" placeholder=\"Entrer votre num\u00e9ro de t\u00e9l\u00e9phone *\" value=\"\" name=\"telephone\" required\/>\r\n                                        <\/div>\r\n                                        \r\n                                        <div class=\"form-group\" name=\"nom_prenoms\" id=\"nom_prenoms\">\r\n                                            <input type=\"text\" class=\"form-control\" placeholder=\"Nom et Pr\u00e9noms *\" value=\"\" name=\"nom_prenoms\" required\/>\r\n                                        <\/div>\r\n                                        <div class=\"form-group\" name=\"societe\">\r\n                                            <input type=\"text\" class=\"form-control\" placeholder=\"Le nom de votre soci\u00e9t\u00e9 *\" value=\"\" name=\"societe\" required \/>\r\n                                        <\/div>\r\n                                        <div class=\"form-group\" name=\"poste\">\r\n                                            <input type=\"text\" class=\"form-control\" placeholder=\"Poste occup\u00e9 dans l'organisation *\" value=\"\" name=\"poste\" required \/>\r\n                                        <\/div>\r\n                                        \r\n                                        <input type=\"submit\" class=\"btnRegister\"  value=\"Valider\"\/>\r\n                                    <\/div>\r\n                                    <\/div>\r\n                                   <\/form> <!-- End of Devis 2 --> \r\n                            <\/div>\t\t<\/div>\n\t\t\t\t<\/div>\n\t\t\t\t\t<\/div>\n\t\t<\/div>\n\t\t\t\t\t\t\t<\/div>\n\t\t<\/section>\n\t\t\t\t<section class=\"elementor-section elementor-top-section elementor-element elementor-element-1ea69893 elementor-section-boxed elementor-section-height-default elementor-section-height-default\" data-id=\"1ea69893\" data-element_type=\"section\" data-settings=\"{&quot;_ha_eqh_enable&quot;:false}\">\n\t\t\t\t\t\t<div class=\"elementor-container elementor-column-gap-wider\">\n\t\t\t\t\t<div class=\"elementor-column elementor-col-50 elementor-top-column elementor-element elementor-element-3366fb40\" data-id=\"3366fb40\" data-element_type=\"column\">\n\t\t\t<div class=\"elementor-widget-wrap elementor-element-populated\">\n\t\t\t\t\t\t\t\t<div class=\"elementor-element elementor-element-9ee7b78 elementor-view-framed elementor-position-left elementor-vertical-align-middle elementor-shape-circle elementor-mobile-position-top elementor-widget elementor-widget-icon-box\" data-id=\"9ee7b78\" data-element_type=\"widget\" data-widget_type=\"icon-box.default\">\n\t\t\t\t<div class=\"elementor-widget-container\">\n\t\t\t<link rel=\"stylesheet\" href=\"https:\/\/www.cinef-bj.com\/formations\/wp-content\/plugins\/elementor\/assets\/css\/widget-icon-box.min.css\">\t\t<div class=\"elementor-icon-box-wrapper\">\n\t\t\t\t\t\t<div class=\"elementor-icon-box-icon\">\n\t\t\t\t<span class=\"elementor-icon elementor-animation-\" >\n\t\t\t\t<svg aria-hidden=\"true\" class=\"e-font-icon-svg e-fas-briefcase\" viewBox=\"0 0 512 512\" xmlns=\"http:\/\/www.w3.org\/2000\/svg\"><path d=\"M320 336c0 8.84-7.16 16-16 16h-96c-8.84 0-16-7.16-16-16v-48H0v144c0 25.6 22.4 48 48 48h416c25.6 0 48-22.4 48-48V288H320v48zm144-208h-80V80c0-25.6-22.4-48-48-48H176c-25.6 0-48 22.4-48 48v48H48c-25.6 0-48 22.4-48 48v80h512v-80c0-25.6-22.4-48-48-48zm-144 0H192V96h128v32z\"><\/path><\/svg>\t\t\t\t<\/span>\n\t\t\t<\/div>\n\t\t\t\t\t\t<div class=\"elementor-icon-box-content\">\n\t\t\t\t<h3 class=\"elementor-icon-box-title\">\n\t\t\t\t\t<span  >\n\t\t\t\t\t\tACTUALISER SES CONNAISSANCES\t\t\t\t\t<\/span>\n\t\t\t\t<\/h3>\n\t\t\t\t\t\t\t\t\t<p class=\"elementor-icon-box-description\">\n\t\t\t\t\t\tCINEF met \u00e0 votre disposition des formations professionnelles continues en pr\u00e9sentiel, en e-learning et en blended learning\t\t\t\t\t<\/p>\n\t\t\t\t\t\t\t<\/div>\n\t\t<\/div>\n\t\t\t\t<\/div>\n\t\t\t\t<\/div>\n\t\t\t\t<div class=\"elementor-element elementor-element-253f9ebb elementor-widget elementor-widget-spacer\" data-id=\"253f9ebb\" data-element_type=\"widget\" data-widget_type=\"spacer.default\">\n\t\t\t\t<div class=\"elementor-widget-container\">\n\t\t\t<style>\/*! elementor - v3.11.0 - 13-02-2023 *\/\n.elementor-column .elementor-spacer-inner{height:var(--spacer-size)}.e-con{--container-widget-width:100%}.e-con-inner>.elementor-widget-spacer,.e-con>.elementor-widget-spacer{width:var(--container-widget-width,var(--spacer-size));--align-self:var(--container-widget-align-self,initial);--flex-shrink:0}.e-con-inner>.elementor-widget-spacer>.elementor-widget-container,.e-con-inner>.elementor-widget-spacer>.elementor-widget-container>.elementor-spacer,.e-con>.elementor-widget-spacer>.elementor-widget-container,.e-con>.elementor-widget-spacer>.elementor-widget-container>.elementor-spacer{height:100%}.e-con-inner>.elementor-widget-spacer>.elementor-widget-container>.elementor-spacer>.elementor-spacer-inner,.e-con>.elementor-widget-spacer>.elementor-widget-container>.elementor-spacer>.elementor-spacer-inner{height:var(--container-widget-height,var(--spacer-size))}<\/style>\t\t<div class=\"elementor-spacer\">\n\t\t\t<div class=\"elementor-spacer-inner\"><\/div>\n\t\t<\/div>\n\t\t\t\t<\/div>\n\t\t\t\t<\/div>\n\t\t\t\t<div class=\"elementor-element elementor-element-3adaf635 elementor-view-framed elementor-position-left elementor-vertical-align-middle elementor-shape-circle elementor-mobile-position-top elementor-widget elementor-widget-icon-box\" data-id=\"3adaf635\" data-element_type=\"widget\" data-widget_type=\"icon-box.default\">\n\t\t\t\t<div class=\"elementor-widget-container\">\n\t\t\t\t\t<div class=\"elementor-icon-box-wrapper\">\n\t\t\t\t\t\t<div class=\"elementor-icon-box-icon\">\n\t\t\t\t<span class=\"elementor-icon elementor-animation-\" >\n\t\t\t\t<svg aria-hidden=\"true\" class=\"e-font-icon-svg e-far-credit-card\" viewBox=\"0 0 576 512\" xmlns=\"http:\/\/www.w3.org\/2000\/svg\"><path d=\"M527.9 32H48.1C21.5 32 0 53.5 0 80v352c0 26.5 21.5 48 48.1 48h479.8c26.6 0 48.1-21.5 48.1-48V80c0-26.5-21.5-48-48.1-48zM54.1 80h467.8c3.3 0 6 2.7 6 6v42H48.1V86c0-3.3 2.7-6 6-6zm467.8 352H54.1c-3.3 0-6-2.7-6-6V256h479.8v170c0 3.3-2.7 6-6 6zM192 332v40c0 6.6-5.4 12-12 12h-72c-6.6 0-12-5.4-12-12v-40c0-6.6 5.4-12 12-12h72c6.6 0 12 5.4 12 12zm192 0v40c0 6.6-5.4 12-12 12H236c-6.6 0-12-5.4-12-12v-40c0-6.6 5.4-12 12-12h136c6.6 0 12 5.4 12 12z\"><\/path><\/svg>\t\t\t\t<\/span>\n\t\t\t<\/div>\n\t\t\t\t\t\t<div class=\"elementor-icon-box-content\">\n\t\t\t\t<h3 class=\"elementor-icon-box-title\">\n\t\t\t\t\t<span  >\n\t\t\t\t\t\tUN CERTIFICAT DE FORMATION\t\t\t\t\t<\/span>\n\t\t\t\t<\/h3>\n\t\t\t\t\t\t\t\t\t<p class=\"elementor-icon-box-description\">\n\t\t\t\t\t\tRecevez \u00e0 la fin de toutes vos formations CINEF, un certificat ou attestation de formation \t\t\t\t\t<\/p>\n\t\t\t\t\t\t\t<\/div>\n\t\t<\/div>\n\t\t\t\t<\/div>\n\t\t\t\t<\/div>\n\t\t\t\t\t<\/div>\n\t\t<\/div>\n\t\t\t\t<div class=\"elementor-column elementor-col-50 elementor-top-column elementor-element elementor-element-27bdc53a\" data-id=\"27bdc53a\" data-element_type=\"column\">\n\t\t\t<div class=\"elementor-widget-wrap elementor-element-populated\">\n\t\t\t\t\t\t\t\t<div class=\"elementor-element elementor-element-73a4ef49 elementor-view-framed elementor-position-left elementor-vertical-align-middle elementor-shape-circle elementor-mobile-position-top elementor-widget elementor-widget-icon-box\" data-id=\"73a4ef49\" data-element_type=\"widget\" data-widget_type=\"icon-box.default\">\n\t\t\t\t<div class=\"elementor-widget-container\">\n\t\t\t\t\t<div class=\"elementor-icon-box-wrapper\">\n\t\t\t\t\t\t<div class=\"elementor-icon-box-icon\">\n\t\t\t\t<span class=\"elementor-icon elementor-animation-\" >\n\t\t\t\t<svg aria-hidden=\"true\" class=\"e-font-icon-svg e-fas-calculator\" viewBox=\"0 0 448 512\" xmlns=\"http:\/\/www.w3.org\/2000\/svg\"><path d=\"M400 0H48C22.4 0 0 22.4 0 48v416c0 25.6 22.4 48 48 48h352c25.6 0 48-22.4 48-48V48c0-25.6-22.4-48-48-48zM128 435.2c0 6.4-6.4 12.8-12.8 12.8H76.8c-6.4 0-12.8-6.4-12.8-12.8v-38.4c0-6.4 6.4-12.8 12.8-12.8h38.4c6.4 0 12.8 6.4 12.8 12.8v38.4zm0-128c0 6.4-6.4 12.8-12.8 12.8H76.8c-6.4 0-12.8-6.4-12.8-12.8v-38.4c0-6.4 6.4-12.8 12.8-12.8h38.4c6.4 0 12.8 6.4 12.8 12.8v38.4zm128 128c0 6.4-6.4 12.8-12.8 12.8h-38.4c-6.4 0-12.8-6.4-12.8-12.8v-38.4c0-6.4 6.4-12.8 12.8-12.8h38.4c6.4 0 12.8 6.4 12.8 12.8v38.4zm0-128c0 6.4-6.4 12.8-12.8 12.8h-38.4c-6.4 0-12.8-6.4-12.8-12.8v-38.4c0-6.4 6.4-12.8 12.8-12.8h38.4c6.4 0 12.8 6.4 12.8 12.8v38.4zm128 128c0 6.4-6.4 12.8-12.8 12.8h-38.4c-6.4 0-12.8-6.4-12.8-12.8V268.8c0-6.4 6.4-12.8 12.8-12.8h38.4c6.4 0 12.8 6.4 12.8 12.8v166.4zm0-256c0 6.4-6.4 12.8-12.8 12.8H76.8c-6.4 0-12.8-6.4-12.8-12.8V76.8C64 70.4 70.4 64 76.8 64h294.4c6.4 0 12.8 6.4 12.8 12.8v102.4z\"><\/path><\/svg>\t\t\t\t<\/span>\n\t\t\t<\/div>\n\t\t\t\t\t\t<div class=\"elementor-icon-box-content\">\n\t\t\t\t<h3 class=\"elementor-icon-box-title\">\n\t\t\t\t\t<span  >\n\t\t\t\t\t\tUNE LARGE AUDIENCE\t\t\t\t\t<\/span>\n\t\t\t\t<\/h3>\n\t\t\t\t\t\t\t\t\t<p class=\"elementor-icon-box-description\">\n\t\t\t\t\t\tLes formations en pr\u00e9sentiel de CINEF constituent le meilleur moyen de d\u00e9couvrir des acteurs du m\u00eame domaine d'activit\u00e9 que vous et d'\u00e9largir votre audience\t\t\t\t\t<\/p>\n\t\t\t\t\t\t\t<\/div>\n\t\t<\/div>\n\t\t\t\t<\/div>\n\t\t\t\t<\/div>\n\t\t\t\t<div class=\"elementor-element elementor-element-2bec4862 elementor-widget elementor-widget-spacer\" data-id=\"2bec4862\" data-element_type=\"widget\" data-widget_type=\"spacer.default\">\n\t\t\t\t<div class=\"elementor-widget-container\">\n\t\t\t\t\t<div class=\"elementor-spacer\">\n\t\t\t<div class=\"elementor-spacer-inner\"><\/div>\n\t\t<\/div>\n\t\t\t\t<\/div>\n\t\t\t\t<\/div>\n\t\t\t\t<div class=\"elementor-element elementor-element-61de0f23 elementor-view-framed elementor-position-left elementor-vertical-align-middle elementor-shape-circle elementor-mobile-position-top elementor-widget elementor-widget-icon-box\" data-id=\"61de0f23\" data-element_type=\"widget\" data-widget_type=\"icon-box.default\">\n\t\t\t\t<div class=\"elementor-widget-container\">\n\t\t\t\t\t<div class=\"elementor-icon-box-wrapper\">\n\t\t\t\t\t\t<div class=\"elementor-icon-box-icon\">\n\t\t\t\t<span class=\"elementor-icon elementor-animation-\" >\n\t\t\t\t<svg aria-hidden=\"true\" class=\"e-font-icon-svg e-fas-book\" viewBox=\"0 0 448 512\" xmlns=\"http:\/\/www.w3.org\/2000\/svg\"><path d=\"M448 360V24c0-13.3-10.7-24-24-24H96C43 0 0 43 0 96v320c0 53 43 96 96 96h328c13.3 0 24-10.7 24-24v-16c0-7.5-3.5-14.3-8.9-18.7-4.2-15.4-4.2-59.3 0-74.7 5.4-4.3 8.9-11.1 8.9-18.6zM128 134c0-3.3 2.7-6 6-6h212c3.3 0 6 2.7 6 6v20c0 3.3-2.7 6-6 6H134c-3.3 0-6-2.7-6-6v-20zm0 64c0-3.3 2.7-6 6-6h212c3.3 0 6 2.7 6 6v20c0 3.3-2.7 6-6 6H134c-3.3 0-6-2.7-6-6v-20zm253.4 250H96c-17.7 0-32-14.3-32-32 0-17.6 14.4-32 32-32h285.4c-1.9 17.1-1.9 46.9 0 64z\"><\/path><\/svg>\t\t\t\t<\/span>\n\t\t\t<\/div>\n\t\t\t\t\t\t<div class=\"elementor-icon-box-content\">\n\t\t\t\t<h3 class=\"elementor-icon-box-title\">\n\t\t\t\t\t<span  >\n\t\t\t\t\t\tAPPRENDRE DEPUIS CHEZ SOI\t\t\t\t\t<\/span>\n\t\t\t\t<\/h3>\n\t\t\t\t\t\t\t\t\t<p class=\"elementor-icon-box-description\">\n\t\t\t\t\t\tCINEF E-learning est la meilleure solution en mati\u00e8re de formation professionnelle continue. Optez donc pour CINEF E-learning\t\t\t\t\t<\/p>\n\t\t\t\t\t\t\t<\/div>\n\t\t<\/div>\n\t\t\t\t<\/div>\n\t\t\t\t<\/div>\n\t\t\t\t\t<\/div>\n\t\t<\/div>\n\t\t\t\t\t\t\t<\/div>\n\t\t<\/section>\n\t\t\t\t\t\t\t<\/div>\n\t\t","protected":false},"excerpt":{"rendered":"<p>DEMANDE DE DEVIS Demander un devis revient \u00e0 demander une formation sur mesure ou \u00e0 cr\u00e9er sa formation. Veuillez prendre connaissance de nos Conditions G\u00e9n\u00e9rales de Ventes et de notre D\u00e9marche Qualit\u00e9. Bienvenue Inscrivez-vous \u00e0 la formation de votre choix Choisissez votre th\u00e8me de formation et obtenez le devis correspondant Veuillez choisir le mode de &hellip;<\/p>\n<p class=\"read-more\"> <a class=\"\" href=\"https:\/\/www.cinef-bj.com\/formations\/demande-de-devis-2\/\"> <span class=\"screen-reader-text\">Demander un devis<\/span> Read More &raquo;<\/a><\/p>\n","protected":false},"author":1,"featured_media":0,"parent":0,"menu_order":0,"comment_status":"closed","ping_status":"closed","template":"elementor_header_footer","meta":{"site-sidebar-layout":"default","site-content-layout":"default","ast-global-header-display":"","ast-main-header-display":"","ast-hfb-above-header-display":"","ast-hfb-below-header-display":"","ast-hfb-mobile-header-display":"","site-post-title":"","ast-breadcrumbs-content":"","ast-featured-img":"","footer-sml-layout":"","theme-transparent-header-meta":"","adv-header-id-meta":"","stick-header-meta":"","header-above-stick-meta":"","header-main-stick-meta":"","header-below-stick-meta":""},"_links":{"self":[{"href":"https:\/\/www.cinef-bj.com\/formations\/wp-json\/wp\/v2\/pages\/30"}],"collection":[{"href":"https:\/\/www.cinef-bj.com\/formations\/wp-json\/wp\/v2\/pages"}],"about":[{"href":"https:\/\/www.cinef-bj.com\/formations\/wp-json\/wp\/v2\/types\/page"}],"author":[{"embeddable":true,"href":"https:\/\/www.cinef-bj.com\/formations\/wp-json\/wp\/v2\/users\/1"}],"replies":[{"embeddable":true,"href":"https:\/\/www.cinef-bj.com\/formations\/wp-json\/wp\/v2\/comments?post=30"}],"version-history":[{"count":86,"href":"https:\/\/www.cinef-bj.com\/formations\/wp-json\/wp\/v2\/pages\/30\/revisions"}],"predecessor-version":[{"id":6033,"href":"https:\/\/www.cinef-bj.com\/formations\/wp-json\/wp\/v2\/pages\/30\/revisions\/6033"}],"wp:attachment":[{"href":"https:\/\/www.cinef-bj.com\/formations\/wp-json\/wp\/v2\/media?parent=30"}],"curies":[{"name":"wp","href":"https:\/\/api.w.org\/{rel}","templated":true}]}}