{"id":7190,"date":"2022-11-22T11:04:55","date_gmt":"2022-11-22T10:04:55","guid":{"rendered":"https:\/\/www.cinef-bj.com\/formations\/?page_id=7190"},"modified":"2023-05-12T09:48:15","modified_gmt":"2023-05-12T07:48:15","slug":"decouvrir-nos-certifications","status":"publish","type":"page","link":"https:\/\/www.cinef-bj.com\/formations\/decouvrir-nos-certifications\/","title":{"rendered":"DECOUVRIR NOS CERTIFICATIONS"},"content":{"rendered":"\t\t<div data-elementor-type=\"wp-page\" data-elementor-id=\"7190\" class=\"elementor elementor-7190\">\n\t\t\t\t\t\t\t\t\t<section class=\"elementor-section elementor-top-section elementor-element elementor-element-841f3da elementor-section-boxed elementor-section-height-default elementor-section-height-default\" data-id=\"841f3da\" data-element_type=\"section\" data-settings=\"{&quot;background_background&quot;:&quot;slideshow&quot;,&quot;background_slideshow_gallery&quot;:[{&quot;id&quot;:6164,&quot;url&quot;:&quot;https:\\\/\\\/www.cinef-bj.com\\\/formations\\\/wp-content\\\/uploads\\\/2022\\\/08\\\/smart-home-computer-internet-3148026.jpg&quot;}],&quot;background_slideshow_loop&quot;:&quot;yes&quot;,&quot;background_slideshow_slide_duration&quot;:5000,&quot;background_slideshow_slide_transition&quot;:&quot;fade&quot;,&quot;background_slideshow_transition_duration&quot;:500,&quot;_ha_eqh_enable&quot;:false}\">\n\t\t\t\t\t\t\t<div class=\"elementor-background-overlay\"><\/div>\n\t\t\t\t\t\t\t<div class=\"elementor-container elementor-column-gap-default\">\n\t\t\t\t\t<div class=\"elementor-column elementor-col-100 elementor-top-column elementor-element elementor-element-10274102\" data-id=\"10274102\" data-element_type=\"column\">\n\t\t\t<div class=\"elementor-widget-wrap elementor-element-populated\">\n\t\t\t\t\t\t\t\t<div class=\"elementor-element elementor-element-aafa4a2 elementor-widget elementor-widget-text-editor\" data-id=\"aafa4a2\" data-element_type=\"widget\" data-widget_type=\"text-editor.default\">\n\t\t\t\t<div class=\"elementor-widget-container\">\n\t\t\t<style>\/*! elementor - v3.11.0 - 13-02-2023 *\/\n.elementor-widget-text-editor.elementor-drop-cap-view-stacked .elementor-drop-cap{background-color:#818a91;color:#fff}.elementor-widget-text-editor.elementor-drop-cap-view-framed .elementor-drop-cap{color:#818a91;border:3px solid;background-color:transparent}.elementor-widget-text-editor:not(.elementor-drop-cap-view-default) .elementor-drop-cap{margin-top:8px}.elementor-widget-text-editor:not(.elementor-drop-cap-view-default) .elementor-drop-cap-letter{width:1em;height:1em}.elementor-widget-text-editor .elementor-drop-cap{float:left;text-align:center;line-height:1;font-size:50px}.elementor-widget-text-editor .elementor-drop-cap-letter{display:inline-block}<\/style>\t\t\t\t<h1>DECOUVRIR NOS CERTIFICATIONS ORACLES ET GOOGLE<\/h1>\t\t\t\t\t\t<\/div>\n\t\t\t\t<\/div>\n\t\t\t\t\t<\/div>\n\t\t<\/div>\n\t\t\t\t\t\t\t<\/div>\n\t\t<\/section>\n\t\t\t\t<section class=\"elementor-section elementor-top-section elementor-element elementor-element-3b2a0f8c elementor-section-boxed elementor-section-height-default elementor-section-height-default\" data-id=\"3b2a0f8c\" data-element_type=\"section\" data-settings=\"{&quot;_ha_eqh_enable&quot;:false}\">\n\t\t\t\t\t\t<div class=\"elementor-container elementor-column-gap-default\">\n\t\t\t\t\t<div class=\"elementor-column elementor-col-100 elementor-top-column elementor-element elementor-element-2896828b\" data-id=\"2896828b\" data-element_type=\"column\">\n\t\t\t<div class=\"elementor-widget-wrap elementor-element-populated\">\n\t\t\t\t\t\t\t\t<section class=\"elementor-section elementor-inner-section elementor-element elementor-element-68f7cb3f elementor-section-boxed elementor-section-height-default elementor-section-height-default\" data-id=\"68f7cb3f\" data-element_type=\"section\" data-settings=\"{&quot;_ha_eqh_enable&quot;:false}\">\n\t\t\t\t\t\t<div class=\"elementor-container elementor-column-gap-default\">\n\t\t\t\t\t<div class=\"elementor-column elementor-col-100 elementor-inner-column elementor-element elementor-element-32073e1d\" data-id=\"32073e1d\" data-element_type=\"column\">\n\t\t\t<div class=\"elementor-widget-wrap elementor-element-populated\">\n\t\t\t\t\t\t\t\t<div class=\"elementor-element elementor-element-42ee1eb elementor-widget elementor-widget-heading\" data-id=\"42ee1eb\" data-element_type=\"widget\" data-widget_type=\"heading.default\">\n\t\t\t\t<div class=\"elementor-widget-container\">\n\t\t\t<style>\/*! elementor - v3.11.0 - 13-02-2023 *\/\n.elementor-heading-title{padding:0;margin:0;line-height:1}.elementor-widget-heading .elementor-heading-title[class*=elementor-size-]>a{color:inherit;font-size:inherit;line-height:inherit}.elementor-widget-heading .elementor-heading-title.elementor-size-small{font-size:15px}.elementor-widget-heading .elementor-heading-title.elementor-size-medium{font-size:19px}.elementor-widget-heading .elementor-heading-title.elementor-size-large{font-size:29px}.elementor-widget-heading .elementor-heading-title.elementor-size-xl{font-size:39px}.elementor-widget-heading .elementor-heading-title.elementor-size-xxl{font-size:59px}<\/style><div class=\"elementor-heading-title elementor-size-default\"><a href=\"https:\/\/www.cinef-bj.com\/formations\/certification-google-architecte-de-lintelligence-artificielle-et-du-big-data-dans-le-cloud\/\">- CERTIFICATION GOOGLE : ARCHITECTE DE L'INTELLIGENCE ARTIFICIELLE ET DU BIG DATA DANS LE CLOUD<\/a><\/div>\t\t<\/div>\n\t\t\t\t<\/div>\n\t\t\t\t<div class=\"elementor-element elementor-element-68e09cc elementor-widget elementor-widget-heading\" data-id=\"68e09cc\" data-element_type=\"widget\" data-widget_type=\"heading.default\">\n\t\t\t\t<div class=\"elementor-widget-container\">\n\t\t\t<div class=\"elementor-heading-title elementor-size-default\"><a href=\"https:\/\/www.cinef-bj.com\/formations\/certification-oracle-developpeur-full-stack-web-et-mobile\/\">- CERTIFICATION ORACLE : D\u00c9VELOPPEUR FULL-STACK WEB &amp; MOBILE--<\/a><\/div>\t\t<\/div>\n\t\t\t\t<\/div>\n\t\t\t\t<div class=\"elementor-element elementor-element-a764dcb elementor-widget elementor-widget-heading\" data-id=\"a764dcb\" data-element_type=\"widget\" data-widget_type=\"heading.default\">\n\t\t\t\t<div class=\"elementor-widget-container\">\n\t\t\t<div class=\"elementor-heading-title elementor-size-default\"><a href=\"https:\/\/www.cinef-bj.com\/formations\/certification-oracle-developpeur-sql-avance\/\">- CERTIFICATION ORACLE : D\u00c9VELOPPEUR SQL AVANC\u00c9E<\/a><\/div>\t\t<\/div>\n\t\t\t\t<\/div>\n\t\t\t\t<div class=\"elementor-element elementor-element-a886d3a elementor-widget elementor-widget-heading\" data-id=\"a886d3a\" data-element_type=\"widget\" data-widget_type=\"heading.default\">\n\t\t\t\t<div class=\"elementor-widget-container\">\n\t\t\t<div class=\"elementor-heading-title elementor-size-default\"><a href=\"https:\/\/www.cinef-bj.com\/formations\/certification-oracle-architecte-big-data-ia\/\">- CERTIFICATION ORACLE: ARCHITECTE BIG DATA &amp; IA<\/a><\/div>\t\t<\/div>\n\t\t\t\t<\/div>\n\t\t\t\t\t<\/div>\n\t\t<\/div>\n\t\t\t\t\t\t\t<\/div>\n\t\t<\/section>\n\t\t\t\t\t<\/div>\n\t\t<\/div>\n\t\t\t\t\t\t\t<\/div>\n\t\t<\/section>\n\t\t\t\t<section class=\"elementor-section elementor-top-section elementor-element elementor-element-1ee1fd9b elementor-section-boxed elementor-section-height-default elementor-section-height-default\" data-id=\"1ee1fd9b\" data-element_type=\"section\" data-settings=\"{&quot;_ha_eqh_enable&quot;:false}\">\n\t\t\t\t\t\t<div class=\"elementor-container elementor-column-gap-default\">\n\t\t\t\t\t<div class=\"elementor-column elementor-col-100 elementor-top-column elementor-element elementor-element-597e1f07\" data-id=\"597e1f07\" data-element_type=\"column\">\n\t\t\t<div class=\"elementor-widget-wrap\">\n\t\t\t\t\t\t\t\t\t<\/div>\n\t\t<\/div>\n\t\t\t\t\t\t\t<\/div>\n\t\t<\/section>\n\t\t\t\t\t\t\t<\/div>\n\t\t","protected":false},"excerpt":{"rendered":"<p>DECOUVRIR NOS CERTIFICATIONS ORACLES ET GOOGLE &#8211; CERTIFICATION GOOGLE : ARCHITECTE DE L&#8217;INTELLIGENCE ARTIFICIELLE ET DU BIG DATA DANS LE CLOUD &#8211; CERTIFICATION ORACLE : D\u00c9VELOPPEUR FULL-STACK WEB &amp; MOBILE&#8211; &#8211; CERTIFICATION ORACLE : D\u00c9VELOPPEUR SQL AVANC\u00c9E &#8211; CERTIFICATION ORACLE: ARCHITECTE BIG DATA &amp; IA<\/p>\n","protected":false},"author":1,"featured_media":0,"parent":0,"menu_order":0,"comment_status":"closed","ping_status":"closed","template":"elementor_header_footer","meta":{"site-sidebar-layout":"default","site-content-layout":"default","ast-global-header-display":"","ast-main-header-display":"","ast-hfb-above-header-display":"","ast-hfb-below-header-display":"","ast-hfb-mobile-header-display":"","site-post-title":"","ast-breadcrumbs-content":"","ast-featured-img":"","footer-sml-layout":"","theme-transparent-header-meta":"","adv-header-id-meta":"","stick-header-meta":"","header-above-stick-meta":"","header-main-stick-meta":"","header-below-stick-meta":""},"_links":{"self":[{"href":"https:\/\/www.cinef-bj.com\/formations\/wp-json\/wp\/v2\/pages\/7190"}],"collection":[{"href":"https:\/\/www.cinef-bj.com\/formations\/wp-json\/wp\/v2\/pages"}],"about":[{"href":"https:\/\/www.cinef-bj.com\/formations\/wp-json\/wp\/v2\/types\/page"}],"author":[{"embeddable":true,"href":"https:\/\/www.cinef-bj.com\/formations\/wp-json\/wp\/v2\/users\/1"}],"replies":[{"embeddable":true,"href":"https:\/\/www.cinef-bj.com\/formations\/wp-json\/wp\/v2\/comments?post=7190"}],"version-history":[{"count":124,"href":"https:\/\/www.cinef-bj.com\/formations\/wp-json\/wp\/v2\/pages\/7190\/revisions"}],"predecessor-version":[{"id":8010,"href":"https:\/\/www.cinef-bj.com\/formations\/wp-json\/wp\/v2\/pages\/7190\/revisions\/8010"}],"wp:attachment":[{"href":"https:\/\/www.cinef-bj.com\/formations\/wp-json\/wp\/v2\/media?parent=7190"}],"curies":[{"name":"wp","href":"https:\/\/api.w.org\/{rel}","templated":true}]}}