{"id":14941,"date":"2021-04-12T08:52:13","date_gmt":"2021-04-12T08:52:13","guid":{"rendered":"https:\/\/www.cinef-bj.com\/recrutement\/?page_id=14941"},"modified":"2021-04-12T09:12:16","modified_gmt":"2021-04-12T09:12:16","slug":"recrutement-dun-haut-cadre-en-appui-a-la-direction-generale-du-budget-et-des-finances","status":"publish","type":"page","link":"https:\/\/www.cinef-bj.com\/recrutement\/recrutement-dun-haut-cadre-en-appui-a-la-direction-generale-du-budget-et-des-finances\/","title":{"rendered":"Recrutement d\u2019un haut cadre en appui \u00e0 la direction g\u00e9n\u00e9rale du budget et des finances"},"content":{"rendered":"\t\t<div data-elementor-type=\"wp-page\" data-elementor-id=\"14941\" class=\"elementor elementor-14941\">\n\t\t\t\t\t\t<section class=\"elementor-section elementor-top-section elementor-element elementor-element-450d686 elementor-section-boxed elementor-section-height-default elementor-section-height-default\" data-id=\"450d686\" data-element_type=\"section\" data-e-type=\"section\">\n\t\t\t\t\t\t<div class=\"elementor-container elementor-column-gap-default\">\n\t\t\t\t\t<div class=\"elementor-column elementor-col-100 elementor-top-column elementor-element elementor-element-86e493a\" data-id=\"86e493a\" data-element_type=\"column\" data-e-type=\"column\">\n\t\t\t<div class=\"elementor-widget-wrap elementor-element-populated\">\n\t\t\t\t\t\t<div class=\"elementor-element elementor-element-53d6312 elementor-widget elementor-widget-text-editor\" data-id=\"53d6312\" data-element_type=\"widget\" data-e-type=\"widget\" data-widget_type=\"text-editor.default\">\n\t\t\t\t<div class=\"elementor-widget-container\">\n\t\t\t\t\t\t\t\t\t<p>Africsearch Togo recrute pour le Minist\u00e8re de l\u2019Economie et des Finances (MEF) des Experts et des Cadres de haut niveau dans le cadre de la mise en oeuvre du Projet d&rsquo;Appui \u00e0 la Gouvernance Economique (PAGE) de la Banque Mondiale au Togo:<br><strong>Un HAUT CADRES A LA DIRECTION GENERALE DU BUDGET ET DES FINANCES (H\/F)<\/strong><\/p>\n<p><strong>Finalit\u00e9 du poste<\/strong><br>Dans le cadre de l\u2019am\u00e9lioration de la gestion des finances publiques et conform\u00e9ment aux diff\u00e9rentes recommandations des missions d&rsquo;assistance technique des partenaires multilat\u00e9raux et bilat\u00e9raux, notamment le Fonds Mon\u00e9taire International (FMI), l\u2019Union Europ\u00e9enne (UE) et l&rsquo;Union Economique et Mon\u00e9taire Ouest Africaine(UEMOA), le Ministre de l&rsquo;Economie et des Finances a proc\u00e9d\u00e9 \u00e0 la r\u00e9organisation des structures techniques du d\u00e9partement. Elle vise \u00e0 contribuer et \u00e0 relever les nouveaux d\u00e9fis, entre autres l\u2019am\u00e9lioration des performances des ressources humaines, \u00e0 travers le recrutement et la formation aux m\u00e9tiers des finances publiques.<br>L\u2019objectif vis\u00e9 est de renforcer les capacit\u00e9s humaines de mani\u00e8re cibl\u00e9e pour accompagner la Direction G\u00e9n\u00e9rale du Budget et des Finances (DGBF) dans la mise en oeuvre du d\u00e9cret r\u00e9organisant le minist\u00e8re de l\u2019\u00e9conomie et des finances<br>De mani\u00e8re sp\u00e9cifique, il s\u2019agit de doter la direction d\u2019une comp\u00e9tence de haut niveau destin\u00e9e \u00e0 accompagner le Ministre de l\u2019Economie et des Finances dans la mise en oeuvre de la politique budg\u00e9taire notamment en cette p\u00e9riode de crise sanitaire double de la raret\u00e9 des ressources face \u00e0 l\u2019accroissement des besoins.<\/p>\n<p><span style=\"color: #ff6600;\"><strong>ATTRIBUTIONS ET MISSIONS<\/strong><\/span><br>Sous la responsabilit\u00e9 du Directeur G\u00e9n\u00e9ral du Budget et des Finances, le haut cadre aura pour mission d\u2019accompagner la direction dans l\u2019\u00e9laboration du budget de l\u2019Etat, le suivi de son ex\u00e9cution ainsi que l\u2019analyse de l\u2019efficacit\u00e9 des d\u00e9penses. De mani\u00e8re sp\u00e9cifique, il\/elle sera charg\u00e9 de :<br>-Mettre en oeuvre la politique budg\u00e9taire du gouvernement ;<br>-\u00c9laborer le cadrage macro-budg\u00e9taire et les pr\u00e9visions budg\u00e9taires ;<br>-\u00c9laborer les projets de lois de finances de l\u2019Etat ;<br>-Contr\u00f4ler et d\u2019auditer l\u2019ex\u00e9cution du budget de l\u2019Etat ;<br>-\u00c9laborer les proc\u00e9dures de modernisation du circuit de la d\u00e9pense ;<br>-\u00c9laborer la note de synth\u00e8se relative \u00e0 l\u2019ex\u00e9cution du budget de l\u2019Etat ;<br>-\u00c9laborer et de suivre l\u2019application de la r\u00e9glementation en mati\u00e8re budg\u00e9taire ;<br>-\u00c9laborer et de mettre en oeuvre les r\u00e9formes budg\u00e9taires ;<br>-Suivre et d\u2019\u00e9valuer les subventions accord\u00e9es par l\u2019Etat aux \u00e9tablissements et organismes publics ;<br>-Consolider les informations budg\u00e9taires avec celles des collectivit\u00e9s territoriales d\u00e9centralis\u00e9es et des \u00e9tablissements publics ;<br>-Suivre et d\u2019appliquer le programme d\u2019investissement pluriannuel ;<br>-Consolider la comptabilit\u00e9 administrative des ordonnateurs ;<br>-Produire les donn\u00e9es et les indicateurs de r\u00e9sultats sur l\u2019\u00e9volution des d\u00e9penses budg\u00e9taires ;<br>-Mettre en oeuvre la politique salariale du gouvernement, en relation avec le minist\u00e8re charg\u00e9 de la fonctionpublique ;<br>-Analyser l\u2019incidence financi\u00e8re des textes relatifs aux d\u00e9penses de personnel et de pensions ;<br>-\u00c9laborer et de consolider les statistiques de la solde ;<br>-G\u00e9rer le fichier solde central des personnels de l\u2019Etat.<br>En lien avec ces attributions,<br>le Haut Cadre est charg\u00e9,<br>sous l\u2019autorit\u00e9 du ministre de l\u2019\u00e9conomie et des finances, de l\u2019organisation, de la coordination, de l\u2019animation et de la supervision des activit\u00e9s de la Direction G\u00e9n\u00e9rale du Budget et des Finances.<br>Il doit \u00eatre capable non seulement d\u2019impl\u00e9menter le nouvel organigramme du d\u00e9partement (directions, divisions et leurs attributions) mais aussi de former et de coacher les cadres de son d\u00e9partement, en vue d\u2019assurer le transfert de comp\u00e9tences et la rel\u00e8ve.<br><span style=\"color: #ff6600;\"><strong>Profil REQUIS<\/strong><\/span><br><strong>Dipl\u00f4mes :<\/strong><br>Dipl\u00f4me de niveau BAC +5 au minimum en Sciences Economiques, en Sciences de Gestion, en Comptabilit\u00e9, en Administration des Services Financiers ou tout autre domaine jug\u00e9 pertinent.<br><strong>Exp\u00e9riences g\u00e9n\u00e9rales :<\/strong><br>Au moins quinze (15) ann\u00e9es dans le management de hautes institutions \u00e9conomiques et financi\u00e8res ou dans la gouvernance des organisations publiques ou priv\u00e9es.<br><strong>Exp\u00e9riences professionnelles :<\/strong><br>Avoir au moins dix (10) ann\u00e9es dans le domaine d\u2019activit\u00e9 du poste ou un \u00e9quivalent dont cinq (5) ann\u00e9es \u00e0 un poste de directeur g\u00e9n\u00e9ral dans l\u2019administration publique ou priv\u00e9e, les organisations internationales, r\u00e9gionales ou sous-r\u00e9gionales.<br><strong>Exp\u00e9riences professionnelles sp\u00e9cifiques :<\/strong><br>Plus sp\u00e9cifiquement, le Haut Cadre doit avoir :<br>-Une parfaite connaissance de l\u2019administration publique et des organisations r\u00e9gionales et sous-r\u00e9gionales ;<br>-Une excellente connaissance des finances publiques, de la comptabilit\u00e9 de l\u2019Etat, des collectivit\u00e9s territoriales et des \u00e9tablissements publics nationaux ou une bonne exp\u00e9rience dans le secteur priv\u00e9 par rapport \u00e0 certaines expertises comme le financement de projets, les PPP ;<br>-Une bonne connaissance de la politique budg\u00e9taire et mon\u00e9taire ;<br>-Une excellente connaissance de la programmation et politique financi\u00e8re ainsi que des interrelations entre les comptes macro\u00e9conomiques ;<br>-Une parfaite ma\u00eetrise de la gestion ax\u00e9e sur les r\u00e9sultats et du budget programme ;<br>-Une bonne connaissance des enjeux de la politique fiscale et de la probl\u00e9matique du financement de l\u2019\u00e9conomie ;<br>-Une parfaite connaissance de la r\u00e9glementation en mati\u00e8re budg\u00e9taire.<br><strong>Autres crit\u00e8res :<\/strong><br>-\u00c2ge (au plus 50 ans)<br>-Esprit d\u2019initiative ;<br>-Disponibilit\u00e9 et rigueur ;<br>-Sens d\u2019\u00e9thique et de responsabilit\u00e9 ;<br>-Respect du bien public ;<br>-Bon communicateur ;<br>-Capacit\u00e9s r\u00e9dactionnelles en fran\u00e7ais et en anglais (atout) ;<br>-Capacit\u00e9 \u00e0 pr\u00e9senter, \u00e0 argumenter, \u00e0 former et \u00e0 encadrer.<br><strong>Dur\u00e9e de la mission<\/strong><br>La dur\u00e9e de la mission est deux (02) ans renouvelables.<br>Les candidats int\u00e9ress\u00e9s sont invit\u00e9s \u00e0 envoyer leur CV d\u00e9taill\u00e9 avec une lettre de motivation en indiquant le poste auquel ils postulent \u00e0:<br>infotg@africsearch.com (mailto:infotg@africsearch.com)<br>Pour plus d\u2019informations contacter le CabinetAfricsearch Togo, sis au 63, Boulevard du 13 janvier Ny\u00e9konakpo\u00e8.&nbsp;<\/p><p><b>T\u00e9l.:<\/b> (228) 22 20 21 04\/22 21 37 36<br>.<br><b>Date limite de d\u00e9p\u00f4t des candidatures<\/b>, le Jeudi 15 Avril 2021 \u00e0 18 H. TU.<br><br><\/p><p><b>N.B:<\/b> Nous portons une attention particuli\u00e8re aux candidatures de la diaspora;<br>Seul(e)s les candidat(e)s pr\u00e9s\u00e9lectionn\u00e9(e)s seront contact\u00e9(e)s par t\u00e9l\u00e9phone ou par e-mail.<br><\/p>\t\t\t\t\t\t\t\t<\/div>\n\t\t\t\t<\/div>\n\t\t\t\t\t<\/div>\n\t\t<\/div>\n\t\t\t\t\t<\/div>\n\t\t<\/section>\n\t\t\t\t<\/div>\n\t\t","protected":false},"excerpt":{"rendered":"<p>Africsearch Togo recrute pour le Minist\u00e8re de l\u2019Economie et des Finances (MEF) des Experts et des Cadres de haut niveau dans le cadre de la mise en oeuvre du Projet d&rsquo;Appui \u00e0 la Gouvernance Economique (PAGE) de la Banque Mondiale au Togo:Un HAUT CADRES A LA DIRECTION GENERALE DU BUDGET ET DES FINANCES (H\/F) Finalit\u00e9 [&hellip;]<\/p>\n","protected":false},"author":23,"featured_media":0,"parent":0,"menu_order":0,"comment_status":"closed","ping_status":"closed","template":"","meta":{"footnotes":""},"class_list":["post-14941","page","type-page","status-publish","hentry"],"jetpack-related-posts":[],"jetpack_sharing_enabled":true,"jetpack_likes_enabled":true,"_links":{"self":[{"href":"https:\/\/www.cinef-bj.com\/recrutement\/wp-json\/wp\/v2\/pages\/14941","targetHints":{"allow":["GET"]}}],"collection":[{"href":"https:\/\/www.cinef-bj.com\/recrutement\/wp-json\/wp\/v2\/pages"}],"about":[{"href":"https:\/\/www.cinef-bj.com\/recrutement\/wp-json\/wp\/v2\/types\/page"}],"author":[{"embeddable":true,"href":"https:\/\/www.cinef-bj.com\/recrutement\/wp-json\/wp\/v2\/users\/23"}],"replies":[{"embeddable":true,"href":"https:\/\/www.cinef-bj.com\/recrutement\/wp-json\/wp\/v2\/comments?post=14941"}],"version-history":[{"count":4,"href":"https:\/\/www.cinef-bj.com\/recrutement\/wp-json\/wp\/v2\/pages\/14941\/revisions"}],"predecessor-version":[{"id":14945,"href":"https:\/\/www.cinef-bj.com\/recrutement\/wp-json\/wp\/v2\/pages\/14941\/revisions\/14945"}],"wp:attachment":[{"href":"https:\/\/www.cinef-bj.com\/recrutement\/wp-json\/wp\/v2\/media?parent=14941"}],"curies":[{"name":"wp","href":"https:\/\/api.w.org\/{rel}","templated":true}]}}