{"id":21048,"date":"2022-06-18T10:12:06","date_gmt":"2022-06-18T10:12:06","guid":{"rendered":"https:\/\/demo.flawlessthemes.com\/espyjobsfree\/index.php\/manage-jobs\/"},"modified":"2022-06-18T10:12:06","modified_gmt":"2022-06-18T10:12:06","slug":"manage-jobs","status":"publish","type":"page","link":"https:\/\/www.cinef-bj.com\/recrutement\/manage-jobs\/","title":{"rendered":"Manage Jobs"},"content":{"rendered":"<div id=\"job-manager-job-dashboard\">\n\n\t<p class=\"account-sign-in\">Vous devez \u00eatre connect\u00e9 pour g\u00e9rer vos offres. <a class=\"button\" href=\"https:\/\/www.cinef-bj.com\/recrutement\/loginwps\/?redirect_to=https%3A%2F%2Fwww.cinef-bj.com%2Frecrutement%2Fmanage-jobs%2F\">Se connecter<\/a><\/p>\n\n<\/div>\n\n","protected":false},"excerpt":{"rendered":"","protected":false},"author":1,"featured_media":0,"parent":0,"menu_order":0,"comment_status":"closed","ping_status":"closed","template":"page-templates\/template-fullwidth.php","meta":{"footnotes":""},"class_list":["post-21048","page","type-page","status-publish","hentry"],"jetpack-related-posts":[],"jetpack_sharing_enabled":true,"jetpack_likes_enabled":true,"_links":{"self":[{"href":"https:\/\/www.cinef-bj.com\/recrutement\/wp-json\/wp\/v2\/pages\/21048","targetHints":{"allow":["GET"]}}],"collection":[{"href":"https:\/\/www.cinef-bj.com\/recrutement\/wp-json\/wp\/v2\/pages"}],"about":[{"href":"https:\/\/www.cinef-bj.com\/recrutement\/wp-json\/wp\/v2\/types\/page"}],"author":[{"embeddable":true,"href":"https:\/\/www.cinef-bj.com\/recrutement\/wp-json\/wp\/v2\/users\/1"}],"replies":[{"embeddable":true,"href":"https:\/\/www.cinef-bj.com\/recrutement\/wp-json\/wp\/v2\/comments?post=21048"}],"version-history":[{"count":0,"href":"https:\/\/www.cinef-bj.com\/recrutement\/wp-json\/wp\/v2\/pages\/21048\/revisions"}],"wp:attachment":[{"href":"https:\/\/www.cinef-bj.com\/recrutement\/wp-json\/wp\/v2\/media?parent=21048"}],"curies":[{"name":"wp","href":"https:\/\/api.w.org\/{rel}","templated":true}]}}