{"id":21050,"date":"2022-06-18T10:12:07","date_gmt":"2022-06-18T10:12:07","guid":{"rendered":"https:\/\/demo.flawlessthemes.com\/espyjobsfree\/index.php\/find-a-job\/"},"modified":"2022-06-18T10:12:07","modified_gmt":"2022-06-18T10:12:07","slug":"find-a-job","status":"publish","type":"page","link":"https:\/\/www.cinef-bj.com\/recrutement\/find-a-job\/","title":{"rendered":"Find a Job"},"content":{"rendered":"<div class=\"job_listings\" data-location=\"\" data-keywords=\"\" data-show_filters=\"true\" data-show_pagination=\"false\" data-per_page=\"10\" data-orderby=\"featured\" data-order=\"DESC\" data-categories=\"\" data-disable-form-state-storage=\"\" data-featured_first=\"false\" data-post_id=\"21050\" >\n<form class=\"job_filters\">\n\t\n\t<div class=\"search_jobs\">\n\t\t\n\t\t<div class=\"search_keywords\">\n\t\t\t<label for=\"search_keywords\">Mots-cl\u00e9s<\/label>\n\t\t\t<input type=\"text\" name=\"search_keywords\" id=\"search_keywords\" placeholder=\"Mots-cl\u00e9s\" value=\"\" \/>\n\t\t<\/div>\n\n\t\t<div class=\"search_location\">\n\t\t\t<label for=\"search_location\">Localisation<\/label>\n\t\t\t<input type=\"text\" name=\"search_location\" id=\"search_location\" placeholder=\"Localisation\" value=\"\" \/>\n\t\t<\/div>\n\n\t\t\t\t\t<div class=\"search_remote_position\">\n\t\t\t\t<input type=\"checkbox\" class=\"input-checkbox\" name=\"remote_position\" id=\"remote_position\" placeholder=\"Localisation\" value=\"1\"  \/>\n\t\t\t\t<label for=\"remote_position\" id=\"remote_position_label\">Postes en t\u00e9l\u00e9travail uniquement<\/label>\n\t\t\t<\/div>\n\t\t\n\t\t<div style=\"clear: both\"><\/div>\n\n\t\t\n\t\t\t\t\t<div class=\"search_submit\">\n\t\t\t\t<input type=\"submit\" value=\"Rechercher des offres d\u2019emploi\">\n\t\t\t<\/div>\n\t\t\n\t\t\t<\/div>\n\n\t\t<ul class=\"job_types\">\n\t\t\t\t\t<li><label for=\"job_type_cdd\" class=\"cdd\"><input type=\"checkbox\" name=\"filter_job_type[]\" value=\"cdd\"  checked='checked' id=\"job_type_cdd\" \/> CDD<\/label><\/li>\n\t\t\t\t\t<li><label for=\"job_type_cdi\" class=\"cdi\"><input type=\"checkbox\" name=\"filter_job_type[]\" value=\"cdi\"  checked='checked' id=\"job_type_cdi\" \/> CDI<\/label><\/li>\n\t\t\t\t\t<li><label for=\"job_type_consultant\" class=\"consultant\"><input type=\"checkbox\" name=\"filter_job_type[]\" value=\"consultant\"  checked='checked' id=\"job_type_consultant\" \/> Consultant<\/label><\/li>\n\t\t\t\t\t<li><label for=\"job_type_ouvrier\" class=\"ouvrier\"><input type=\"checkbox\" name=\"filter_job_type[]\" value=\"ouvrier\"  checked='checked' id=\"job_type_ouvrier\" \/> Ouvrier<\/label><\/li>\n\t\t\t\t\t<li><label for=\"job_type_stage\" class=\"stage\"><input type=\"checkbox\" name=\"filter_job_type[]\" value=\"stage\"  checked='checked' id=\"job_type_stage\" \/> Stage<\/label><\/li>\n\t\t\t<\/ul>\n\t<input type=\"hidden\" name=\"filter_job_type[]\" value=\"\" \/>\n<div class=\"showing_jobs\"><\/div><\/form>\n\n\n<noscript>Votre navigateur ne supporte pas JavaScript, ou bien JavaScript est d\u00e9sactiv\u00e9. JavaScript doit \u00eatre activ\u00e9 pour pouvoir visualiser des postes.<\/noscript>\n<ul class=\"job_listings\">\n<\/ul>\n<a class=\"load_more_jobs\" href=\"#\" style=\"display:none;\"><strong>Afficher plus d\u2019offres<\/strong><\/a><\/div>\n","protected":false},"excerpt":{"rendered":"","protected":false},"author":1,"featured_media":0,"parent":0,"menu_order":0,"comment_status":"closed","ping_status":"closed","template":"page-templates\/template-fullwidth.php","meta":{"footnotes":""},"class_list":["post-21050","page","type-page","status-publish","hentry"],"jetpack-related-posts":[],"jetpack_sharing_enabled":true,"jetpack_likes_enabled":true,"_links":{"self":[{"href":"https:\/\/www.cinef-bj.com\/recrutement\/wp-json\/wp\/v2\/pages\/21050","targetHints":{"allow":["GET"]}}],"collection":[{"href":"https:\/\/www.cinef-bj.com\/recrutement\/wp-json\/wp\/v2\/pages"}],"about":[{"href":"https:\/\/www.cinef-bj.com\/recrutement\/wp-json\/wp\/v2\/types\/page"}],"author":[{"embeddable":true,"href":"https:\/\/www.cinef-bj.com\/recrutement\/wp-json\/wp\/v2\/users\/1"}],"replies":[{"embeddable":true,"href":"https:\/\/www.cinef-bj.com\/recrutement\/wp-json\/wp\/v2\/comments?post=21050"}],"version-history":[{"count":0,"href":"https:\/\/www.cinef-bj.com\/recrutement\/wp-json\/wp\/v2\/pages\/21050\/revisions"}],"wp:attachment":[{"href":"https:\/\/www.cinef-bj.com\/recrutement\/wp-json\/wp\/v2\/media?parent=21050"}],"curies":[{"name":"wp","href":"https:\/\/api.w.org\/{rel}","templated":true}]}}